{"id":14761,"date":"2025-11-10T04:31:29","date_gmt":"2025-11-10T04:31:29","guid":{"rendered":"https:\/\/dev.kuia-office.ch\/office\/neuchatel\/"},"modified":"2026-03-18T10:01:17","modified_gmt":"2026-03-18T10:01:17","slug":"neuchatel","status":"publish","type":"page","link":"https:\/\/dev.kuia-office.ch\/en\/rent-an-office\/neuchatel\/","title":{"rendered":"Neuch\u00e2tel"},"content":{"rendered":"","protected":false},"excerpt":{"rendered":"","protected":false},"author":1,"featured_media":14666,"parent":14712,"menu_order":0,"comment_status":"closed","ping_status":"closed","template":"","meta":{"_acf_changed":false,"_seopress_robots_primary_cat":"","_seopress_titles_title":"Rent an Office in Neuch\u00e2tel","_seopress_titles_desc":"Rent 36 modern offices in Neuch\u00e2tel. Flexible office spaces in the tax-attractive Canton of Neuch\u00e2tel \u2013 rent now! ","_seopress_robots_index":"","footnotes":""},"class_list":["post-14761","page","type-page","status-publish","has-post-thumbnail","hentry"],"acf":[],"_links":{"self":[{"href":"https:\/\/dev.kuia-office.ch\/en\/wp-json\/wp\/v2\/pages\/14761","targetHints":{"allow":["GET"]}}],"collection":[{"href":"https:\/\/dev.kuia-office.ch\/en\/wp-json\/wp\/v2\/pages"}],"about":[{"href":"https:\/\/dev.kuia-office.ch\/en\/wp-json\/wp\/v2\/types\/page"}],"author":[{"embeddable":true,"href":"https:\/\/dev.kuia-office.ch\/en\/wp-json\/wp\/v2\/users\/1"}],"replies":[{"embeddable":true,"href":"https:\/\/dev.kuia-office.ch\/en\/wp-json\/wp\/v2\/comments?post=14761"}],"version-history":[{"count":0,"href":"https:\/\/dev.kuia-office.ch\/en\/wp-json\/wp\/v2\/pages\/14761\/revisions"}],"up":[{"embeddable":true,"href":"https:\/\/dev.kuia-office.ch\/en\/wp-json\/wp\/v2\/pages\/14712"}],"wp:featuredmedia":[{"embeddable":true,"href":"https:\/\/dev.kuia-office.ch\/en\/wp-json\/wp\/v2\/media\/14666"}],"wp:attachment":[{"href":"https:\/\/dev.kuia-office.ch\/en\/wp-json\/wp\/v2\/media?parent=14761"}],"curies":[{"name":"wp","href":"https:\/\/api.w.org\/{rel}","templated":true}]}}