{"id":14690,"date":"2025-11-20T11:50:43","date_gmt":"2025-11-20T10:50:43","guid":{"rendered":"https:\/\/dev.kuia-office.ch\/co-working\/"},"modified":"2026-03-27T16:24:50","modified_gmt":"2026-03-27T15:24:50","slug":"co-working","status":"publish","type":"page","link":"https:\/\/dev.kuia-office.ch\/fr\/co-working\/","title":{"rendered":"Co-working"},"content":{"rendered":"","protected":false},"excerpt":{"rendered":"","protected":false},"author":1,"featured_media":14688,"parent":0,"menu_order":0,"comment_status":"closed","ping_status":"closed","template":"","meta":{"_acf_changed":false,"_seopress_robots_primary_cat":"","_seopress_titles_title":"R\u00e9server un espace de coworking \u00e0 Zoug","_seopress_titles_desc":"L\u2019espace de coworking flexible dans le canton de Zoug : des postes de travail enti\u00e8rement \u00e9quip\u00e9s dans un environnement de travail moderne. R\u00e9servez votre coworking d\u00e8s maintenant ! ","_seopress_robots_index":"","footnotes":""},"class_list":["post-14690","page","type-page","status-publish","has-post-thumbnail","hentry"],"acf":[],"_links":{"self":[{"href":"https:\/\/dev.kuia-office.ch\/fr\/wp-json\/wp\/v2\/pages\/14690","targetHints":{"allow":["GET"]}}],"collection":[{"href":"https:\/\/dev.kuia-office.ch\/fr\/wp-json\/wp\/v2\/pages"}],"about":[{"href":"https:\/\/dev.kuia-office.ch\/fr\/wp-json\/wp\/v2\/types\/page"}],"author":[{"embeddable":true,"href":"https:\/\/dev.kuia-office.ch\/fr\/wp-json\/wp\/v2\/users\/1"}],"replies":[{"embeddable":true,"href":"https:\/\/dev.kuia-office.ch\/fr\/wp-json\/wp\/v2\/comments?post=14690"}],"version-history":[{"count":0,"href":"https:\/\/dev.kuia-office.ch\/fr\/wp-json\/wp\/v2\/pages\/14690\/revisions"}],"wp:featuredmedia":[{"embeddable":true,"href":"https:\/\/dev.kuia-office.ch\/fr\/wp-json\/wp\/v2\/media\/14688"}],"wp:attachment":[{"href":"https:\/\/dev.kuia-office.ch\/fr\/wp-json\/wp\/v2\/media?parent=14690"}],"curies":[{"name":"wp","href":"https:\/\/api.w.org\/{rel}","templated":true}]}}