{"id":14714,"date":"2025-11-06T05:09:30","date_gmt":"2025-11-06T04:09:30","guid":{"rendered":"https:\/\/dev.kuia-office.ch\/bureau\/"},"modified":"2026-03-30T13:09:38","modified_gmt":"2026-03-30T11:09:38","slug":"louer-un-bureau","status":"publish","type":"page","link":"https:\/\/dev.kuia-office.ch\/fr\/louer-un-bureau\/","title":{"rendered":"Bureau"},"content":{"rendered":"","protected":false},"excerpt":{"rendered":"","protected":false},"author":1,"featured_media":14713,"parent":0,"menu_order":0,"comment_status":"closed","ping_status":"closed","template":"","meta":{"_acf_changed":false,"_seopress_robots_primary_cat":"","_seopress_titles_title":"Louer des bureaux flexibles en Suisse","_seopress_titles_desc":"Louez des bureaux meubl\u00e9s et pr\u00eats \u00e0 l'emploi sur quatre sites en Suisse. Id\u00e9al pour les start-ups, les entreprises en croissance, les ind\u00e9pendants et plus encore. ","_seopress_robots_index":"","footnotes":""},"class_list":["post-14714","page","type-page","status-publish","has-post-thumbnail","hentry"],"acf":[],"_links":{"self":[{"href":"https:\/\/dev.kuia-office.ch\/fr\/wp-json\/wp\/v2\/pages\/14714","targetHints":{"allow":["GET"]}}],"collection":[{"href":"https:\/\/dev.kuia-office.ch\/fr\/wp-json\/wp\/v2\/pages"}],"about":[{"href":"https:\/\/dev.kuia-office.ch\/fr\/wp-json\/wp\/v2\/types\/page"}],"author":[{"embeddable":true,"href":"https:\/\/dev.kuia-office.ch\/fr\/wp-json\/wp\/v2\/users\/1"}],"replies":[{"embeddable":true,"href":"https:\/\/dev.kuia-office.ch\/fr\/wp-json\/wp\/v2\/comments?post=14714"}],"version-history":[{"count":0,"href":"https:\/\/dev.kuia-office.ch\/fr\/wp-json\/wp\/v2\/pages\/14714\/revisions"}],"wp:featuredmedia":[{"embeddable":true,"href":"https:\/\/dev.kuia-office.ch\/fr\/wp-json\/wp\/v2\/media\/14713"}],"wp:attachment":[{"href":"https:\/\/dev.kuia-office.ch\/fr\/wp-json\/wp\/v2\/media?parent=14714"}],"curies":[{"name":"wp","href":"https:\/\/api.w.org\/{rel}","templated":true}]}}