{"id":14720,"date":"2025-11-10T04:30:41","date_gmt":"2025-11-10T04:30:41","guid":{"rendered":"https:\/\/dev.kuia-office.ch\/bureau\/baar\/"},"modified":"2026-03-18T10:01:25","modified_gmt":"2026-03-18T10:01:25","slug":"baar","status":"publish","type":"page","link":"https:\/\/dev.kuia-office.ch\/fr\/louer-un-bureau\/baar\/","title":{"rendered":"Baar"},"content":{"rendered":"","protected":false},"excerpt":{"rendered":"","protected":false},"author":1,"featured_media":14718,"parent":14714,"menu_order":0,"comment_status":"closed","ping_status":"closed","template":"","meta":{"_acf_changed":false,"_seopress_robots_primary_cat":"","_seopress_titles_title":"Louer un bureau \u00e0 Baar","_seopress_titles_desc":"Louez 33 bureaux meubl\u00e9s et pr\u00eats \u00e0 l'emploi \u00e0 Baar. Bureaux de premier ordre entre Zug et Zurich - louez maintenant\u00a0! ","_seopress_robots_index":"","footnotes":""},"class_list":["post-14720","page","type-page","status-publish","has-post-thumbnail","hentry"],"acf":[],"_links":{"self":[{"href":"https:\/\/dev.kuia-office.ch\/fr\/wp-json\/wp\/v2\/pages\/14720","targetHints":{"allow":["GET"]}}],"collection":[{"href":"https:\/\/dev.kuia-office.ch\/fr\/wp-json\/wp\/v2\/pages"}],"about":[{"href":"https:\/\/dev.kuia-office.ch\/fr\/wp-json\/wp\/v2\/types\/page"}],"author":[{"embeddable":true,"href":"https:\/\/dev.kuia-office.ch\/fr\/wp-json\/wp\/v2\/users\/1"}],"replies":[{"embeddable":true,"href":"https:\/\/dev.kuia-office.ch\/fr\/wp-json\/wp\/v2\/comments?post=14720"}],"version-history":[{"count":0,"href":"https:\/\/dev.kuia-office.ch\/fr\/wp-json\/wp\/v2\/pages\/14720\/revisions"}],"up":[{"embeddable":true,"href":"https:\/\/dev.kuia-office.ch\/fr\/wp-json\/wp\/v2\/pages\/14714"}],"wp:featuredmedia":[{"embeddable":true,"href":"https:\/\/dev.kuia-office.ch\/fr\/wp-json\/wp\/v2\/media\/14718"}],"wp:attachment":[{"href":"https:\/\/dev.kuia-office.ch\/fr\/wp-json\/wp\/v2\/media?parent=14720"}],"curies":[{"name":"wp","href":"https:\/\/api.w.org\/{rel}","templated":true}]}}