{"id":14723,"date":"2025-11-10T04:31:29","date_gmt":"2025-11-10T04:31:29","guid":{"rendered":"https:\/\/dev.kuia-office.ch\/bureau\/neuchatel\/"},"modified":"2026-03-18T10:01:18","modified_gmt":"2026-03-18T10:01:18","slug":"neuchatel","status":"publish","type":"page","link":"https:\/\/dev.kuia-office.ch\/fr\/louer-un-bureau\/neuchatel\/","title":{"rendered":"Neuch\u00e2tel"},"content":{"rendered":"","protected":false},"excerpt":{"rendered":"","protected":false},"author":1,"featured_media":14668,"parent":14714,"menu_order":0,"comment_status":"closed","ping_status":"closed","template":"","meta":{"_acf_changed":false,"_seopress_robots_primary_cat":"","_seopress_titles_title":"Louer un bureau \u00e0 Neuenburg","_seopress_titles_desc":"Louez 36 bureaux modernes \u00e0 Neuch\u00e2tel. Des bureaux flexibles dans le canton de Neuch\u00e2tel, fiscalement attractif - louez d\u00e8s maintenant ! ","_seopress_robots_index":"","footnotes":""},"class_list":["post-14723","page","type-page","status-publish","has-post-thumbnail","hentry"],"acf":[],"_links":{"self":[{"href":"https:\/\/dev.kuia-office.ch\/fr\/wp-json\/wp\/v2\/pages\/14723","targetHints":{"allow":["GET"]}}],"collection":[{"href":"https:\/\/dev.kuia-office.ch\/fr\/wp-json\/wp\/v2\/pages"}],"about":[{"href":"https:\/\/dev.kuia-office.ch\/fr\/wp-json\/wp\/v2\/types\/page"}],"author":[{"embeddable":true,"href":"https:\/\/dev.kuia-office.ch\/fr\/wp-json\/wp\/v2\/users\/1"}],"replies":[{"embeddable":true,"href":"https:\/\/dev.kuia-office.ch\/fr\/wp-json\/wp\/v2\/comments?post=14723"}],"version-history":[{"count":0,"href":"https:\/\/dev.kuia-office.ch\/fr\/wp-json\/wp\/v2\/pages\/14723\/revisions"}],"up":[{"embeddable":true,"href":"https:\/\/dev.kuia-office.ch\/fr\/wp-json\/wp\/v2\/pages\/14714"}],"wp:featuredmedia":[{"embeddable":true,"href":"https:\/\/dev.kuia-office.ch\/fr\/wp-json\/wp\/v2\/media\/14668"}],"wp:attachment":[{"href":"https:\/\/dev.kuia-office.ch\/fr\/wp-json\/wp\/v2\/media?parent=14723"}],"curies":[{"name":"wp","href":"https:\/\/api.w.org\/{rel}","templated":true}]}}