{"id":14731,"date":"2025-11-10T04:31:00","date_gmt":"2025-11-10T04:31:00","guid":{"rendered":"https:\/\/dev.kuia-office.ch\/bureau\/steinhausen\/"},"modified":"2026-03-23T12:10:41","modified_gmt":"2026-03-23T12:10:41","slug":"steinhausen","status":"publish","type":"page","link":"https:\/\/dev.kuia-office.ch\/fr\/louer-un-bureau\/steinhausen\/","title":{"rendered":"Steinhausen"},"content":{"rendered":"","protected":false},"excerpt":{"rendered":"","protected":false},"author":1,"featured_media":14729,"parent":14714,"menu_order":0,"comment_status":"closed","ping_status":"closed","template":"","meta":{"_acf_changed":false,"_seopress_robots_primary_cat":"","_seopress_titles_title":"Louer un bureau \u00e0 Steinhausen","_seopress_titles_desc":"Louez 26 bureaux meubl\u00e9s \u00e0 Steinhausen. Bureaux de premier ordre juste \u00e0 c\u00f4t\u00e9 de la gare - louez maintenant ! ","_seopress_robots_index":"","footnotes":""},"class_list":["post-14731","page","type-page","status-publish","has-post-thumbnail","hentry"],"acf":[],"_links":{"self":[{"href":"https:\/\/dev.kuia-office.ch\/fr\/wp-json\/wp\/v2\/pages\/14731","targetHints":{"allow":["GET"]}}],"collection":[{"href":"https:\/\/dev.kuia-office.ch\/fr\/wp-json\/wp\/v2\/pages"}],"about":[{"href":"https:\/\/dev.kuia-office.ch\/fr\/wp-json\/wp\/v2\/types\/page"}],"author":[{"embeddable":true,"href":"https:\/\/dev.kuia-office.ch\/fr\/wp-json\/wp\/v2\/users\/1"}],"replies":[{"embeddable":true,"href":"https:\/\/dev.kuia-office.ch\/fr\/wp-json\/wp\/v2\/comments?post=14731"}],"version-history":[{"count":0,"href":"https:\/\/dev.kuia-office.ch\/fr\/wp-json\/wp\/v2\/pages\/14731\/revisions"}],"up":[{"embeddable":true,"href":"https:\/\/dev.kuia-office.ch\/fr\/wp-json\/wp\/v2\/pages\/14714"}],"wp:featuredmedia":[{"embeddable":true,"href":"https:\/\/dev.kuia-office.ch\/fr\/wp-json\/wp\/v2\/media\/14729"}],"wp:attachment":[{"href":"https:\/\/dev.kuia-office.ch\/fr\/wp-json\/wp\/v2\/media?parent=14731"}],"curies":[{"name":"wp","href":"https:\/\/api.w.org\/{rel}","templated":true}]}}