{"id":15273,"date":"2026-02-03T00:18:38","date_gmt":"2026-02-03T00:18:38","guid":{"rendered":"https:\/\/dev.kuia-office.ch\/salles-de-reunion\/baar\/"},"modified":"2026-03-18T10:01:14","modified_gmt":"2026-03-18T10:01:14","slug":"baar","status":"publish","type":"page","link":"https:\/\/dev.kuia-office.ch\/fr\/salles-de-reunion\/baar\/","title":{"rendered":"Baar"},"content":{"rendered":"","protected":false},"excerpt":{"rendered":"","protected":false},"author":1,"featured_media":14718,"parent":14710,"menu_order":0,"comment_status":"closed","ping_status":"closed","template":"","meta":{"_acf_changed":false,"_seopress_robots_primary_cat":"","_seopress_titles_title":"Louer une salle de r\u00e9union ou de conf\u00e9rence \u00e0 Baar","_seopress_titles_desc":"Louez des salles de r\u00e9union enti\u00e8rement \u00e9quip\u00e9es \u00e0 Baar. R\u00e9servation directe en ligne, \u00e0 partir de CHF 30 \/ heure. R\u00e9servez d\u00e8s maintenant!  ","_seopress_robots_index":"","footnotes":""},"class_list":["post-15273","page","type-page","status-publish","has-post-thumbnail","hentry"],"acf":[],"_links":{"self":[{"href":"https:\/\/dev.kuia-office.ch\/fr\/wp-json\/wp\/v2\/pages\/15273","targetHints":{"allow":["GET"]}}],"collection":[{"href":"https:\/\/dev.kuia-office.ch\/fr\/wp-json\/wp\/v2\/pages"}],"about":[{"href":"https:\/\/dev.kuia-office.ch\/fr\/wp-json\/wp\/v2\/types\/page"}],"author":[{"embeddable":true,"href":"https:\/\/dev.kuia-office.ch\/fr\/wp-json\/wp\/v2\/users\/1"}],"replies":[{"embeddable":true,"href":"https:\/\/dev.kuia-office.ch\/fr\/wp-json\/wp\/v2\/comments?post=15273"}],"version-history":[{"count":0,"href":"https:\/\/dev.kuia-office.ch\/fr\/wp-json\/wp\/v2\/pages\/15273\/revisions"}],"up":[{"embeddable":true,"href":"https:\/\/dev.kuia-office.ch\/fr\/wp-json\/wp\/v2\/pages\/14710"}],"wp:featuredmedia":[{"embeddable":true,"href":"https:\/\/dev.kuia-office.ch\/fr\/wp-json\/wp\/v2\/media\/14718"}],"wp:attachment":[{"href":"https:\/\/dev.kuia-office.ch\/fr\/wp-json\/wp\/v2\/media?parent=15273"}],"curies":[{"name":"wp","href":"https:\/\/api.w.org\/{rel}","templated":true}]}}