{"id":16352,"date":"2026-03-03T02:31:14","date_gmt":"2026-03-03T01:31:14","guid":{"rendered":"https:\/\/dev.kuia-office.ch\/salles-de-reunion\/steinhausen\/"},"modified":"2026-03-30T13:09:47","modified_gmt":"2026-03-30T11:09:47","slug":"steinhausen","status":"publish","type":"page","link":"https:\/\/dev.kuia-office.ch\/fr\/salles-de-reunion\/steinhausen\/","title":{"rendered":"Steinhausen"},"content":{"rendered":"","protected":false},"excerpt":{"rendered":"","protected":false},"author":1,"featured_media":0,"parent":14710,"menu_order":0,"comment_status":"closed","ping_status":"closed","template":"","meta":{"_acf_changed":false,"_seopress_robots_primary_cat":"","_seopress_titles_title":"Louer une salle de r\u00e9union et une salle de conf\u00e9rence \u00e0 Steinhausen","_seopress_titles_desc":"Louez des salles de r\u00e9union modernes \u00e0 Steinhausen, pr\u00e8s de Zoug. R\u00e9servation directe en ligne, d\u00e8s 50 CHF par heure. R\u00e9servez votre salle de conf\u00e9rence d\u00e8s maintenant !  ","_seopress_robots_index":"","footnotes":""},"class_list":["post-16352","page","type-page","status-publish","hentry"],"acf":[],"_links":{"self":[{"href":"https:\/\/dev.kuia-office.ch\/fr\/wp-json\/wp\/v2\/pages\/16352","targetHints":{"allow":["GET"]}}],"collection":[{"href":"https:\/\/dev.kuia-office.ch\/fr\/wp-json\/wp\/v2\/pages"}],"about":[{"href":"https:\/\/dev.kuia-office.ch\/fr\/wp-json\/wp\/v2\/types\/page"}],"author":[{"embeddable":true,"href":"https:\/\/dev.kuia-office.ch\/fr\/wp-json\/wp\/v2\/users\/1"}],"replies":[{"embeddable":true,"href":"https:\/\/dev.kuia-office.ch\/fr\/wp-json\/wp\/v2\/comments?post=16352"}],"version-history":[{"count":0,"href":"https:\/\/dev.kuia-office.ch\/fr\/wp-json\/wp\/v2\/pages\/16352\/revisions"}],"up":[{"embeddable":true,"href":"https:\/\/dev.kuia-office.ch\/fr\/wp-json\/wp\/v2\/pages\/14710"}],"wp:attachment":[{"href":"https:\/\/dev.kuia-office.ch\/fr\/wp-json\/wp\/v2\/media?parent=16352"}],"curies":[{"name":"wp","href":"https:\/\/api.w.org\/{rel}","templated":true}]}}