{"id":16800,"date":"2026-03-05T05:02:13","date_gmt":"2026-03-05T05:02:13","guid":{"rendered":"https:\/\/dev.kuia-office.ch\/salles-de-reunion\/neuchatel\/"},"modified":"2026-03-18T10:01:27","modified_gmt":"2026-03-18T10:01:27","slug":"neuchatel","status":"publish","type":"page","link":"https:\/\/dev.kuia-office.ch\/fr\/salles-de-reunion\/neuchatel\/","title":{"rendered":"Neuch\u00e2tel"},"content":{"rendered":"","protected":false},"excerpt":{"rendered":"","protected":false},"author":1,"featured_media":14668,"parent":14710,"menu_order":0,"comment_status":"closed","ping_status":"closed","template":"","meta":{"_acf_changed":false,"_seopress_robots_primary_cat":"","_seopress_titles_title":"Louer une salle de r\u00e9union et une salle de conf\u00e9rence \u00e0 Neuch\u00e2tel","_seopress_titles_desc":"Louez des salles de r\u00e9union enti\u00e8rement \u00e9quip\u00e9es \u00e0 Neuch\u00e2tel. R\u00e9servation en ligne directe, d\u00e8s 30 CHF \/ heure. Trouvez et r\u00e9servez votre salle de conf\u00e9rence d\u00e8s maintenant !  ","_seopress_robots_index":"","footnotes":""},"class_list":["post-16800","page","type-page","status-publish","has-post-thumbnail","hentry"],"acf":[],"_links":{"self":[{"href":"https:\/\/dev.kuia-office.ch\/fr\/wp-json\/wp\/v2\/pages\/16800","targetHints":{"allow":["GET"]}}],"collection":[{"href":"https:\/\/dev.kuia-office.ch\/fr\/wp-json\/wp\/v2\/pages"}],"about":[{"href":"https:\/\/dev.kuia-office.ch\/fr\/wp-json\/wp\/v2\/types\/page"}],"author":[{"embeddable":true,"href":"https:\/\/dev.kuia-office.ch\/fr\/wp-json\/wp\/v2\/users\/1"}],"replies":[{"embeddable":true,"href":"https:\/\/dev.kuia-office.ch\/fr\/wp-json\/wp\/v2\/comments?post=16800"}],"version-history":[{"count":0,"href":"https:\/\/dev.kuia-office.ch\/fr\/wp-json\/wp\/v2\/pages\/16800\/revisions"}],"up":[{"embeddable":true,"href":"https:\/\/dev.kuia-office.ch\/fr\/wp-json\/wp\/v2\/pages\/14710"}],"wp:featuredmedia":[{"embeddable":true,"href":"https:\/\/dev.kuia-office.ch\/fr\/wp-json\/wp\/v2\/media\/14668"}],"wp:attachment":[{"href":"https:\/\/dev.kuia-office.ch\/fr\/wp-json\/wp\/v2\/media?parent=16800"}],"curies":[{"name":"wp","href":"https:\/\/api.w.org\/{rel}","templated":true}]}}